{"id":203,"date":"2024-11-28T14:19:57","date_gmt":"2024-11-28T13:19:57","guid":{"rendered":"https:\/\/stage.invaz.cz\/?page_id=203"},"modified":"2024-12-06T14:35:24","modified_gmt":"2024-12-06T13:35:24","slug":"about-us","status":"publish","type":"page","link":"https:\/\/www.invaz.cz\/en\/about-us\/","title":{"rendered":"About us"},"content":{"rendered":"\t\t<div data-elementor-type=\"wp-page\" data-elementor-id=\"203\" class=\"elementor elementor-203 elementor-69\" data-elementor-post-type=\"page\">\n\t\t\t\t<div class=\"elementor-element elementor-element-785ab6f5 e-con-full e-flex e-con e-parent\" data-id=\"785ab6f5\" data-element_type=\"container\" data-settings=\"{&quot;background_background&quot;:&quot;classic&quot;}\">\n\t\t<div class=\"elementor-element elementor-element-48c2ea25 e-flex e-con-boxed e-con e-child\" data-id=\"48c2ea25\" data-element_type=\"container\">\n\t\t\t\t\t<div class=\"e-con-inner\">\n\t\t\t\t<div class=\"elementor-element elementor-element-535f86a9 elementor-widget elementor-widget-heading\" data-id=\"535f86a9\" data-element_type=\"widget\" data-widget_type=\"heading.default\">\n\t\t\t\t<div class=\"elementor-widget-container\">\n\t\t\t\t\t<h1 class=\"elementor-heading-title elementor-size-default\">About us<\/h1>\t\t\t\t<\/div>\n\t\t\t\t<\/div>\n\t\t\t\t<div class=\"elementor-element elementor-element-08f09e1 elementor-widget elementor-widget-shortcode\" data-id=\"08f09e1\" data-element_type=\"widget\" data-widget_type=\"shortcode.default\">\n\t\t\t\t<div class=\"elementor-widget-container\">\n\t\t\t\t\t\t\t<div class=\"elementor-shortcode\"><nav class=\"breadcrumbs\" aria-label=\"Breadcrumbs\"><a href=\"https:\/\/www.invaz.cz\/en\/\" class=\"breadcrumb breadcrumb--first\">Home<\/a> <span class='breadcrumbs__separator' aria-hidden='true'>&gt;<\/span> <span class=\"breadcrumb breadcrumb--last\" aria-current=\"page\"><\/span><\/nav><\/div>\n\t\t\t\t\t\t<\/div>\n\t\t\t\t<\/div>\n\t\t\t\t\t<\/div>\n\t\t\t\t<\/div>\n\t\t\t\t<\/div>\n\t\t<div class=\"elementor-element elementor-element-3cd86d10 e-con-full e-flex e-con e-parent\" data-id=\"3cd86d10\" data-element_type=\"container\">\n\t\t<div class=\"elementor-element elementor-element-1550501e e-flex e-con-boxed e-con e-child\" data-id=\"1550501e\" data-element_type=\"container\">\n\t\t\t\t\t<div class=\"e-con-inner\">\n\t\t<div class=\"elementor-element elementor-element-7b515eb1 e-con-full e-flex e-con e-child\" data-id=\"7b515eb1\" data-element_type=\"container\">\n\t\t\t\t<div class=\"elementor-element elementor-element-22c2ed3b elementor-widget elementor-widget-image\" data-id=\"22c2ed3b\" data-element_type=\"widget\" data-widget_type=\"image.default\">\n\t\t\t\t<div class=\"elementor-widget-container\">\n\t\t\t\t\t\t\t\t\t\t\t\t\t\t\t<img fetchpriority=\"high\" decoding=\"async\" width=\"800\" height=\"533\" src=\"https:\/\/www.invaz.cz\/wp-content\/uploads\/2024\/11\/odpovedny_pristup.webp\" class=\"attachment-large size-large wp-image-49\" alt=\"Odpovedny pristup.webp\" srcset=\"https:\/\/www.invaz.cz\/wp-content\/uploads\/2024\/11\/odpovedny_pristup.webp 800w, https:\/\/www.invaz.cz\/wp-content\/uploads\/2024\/11\/odpovedny_pristup-300x200.webp 300w, https:\/\/www.invaz.cz\/wp-content\/uploads\/2024\/11\/odpovedny_pristup-768x512.webp 768w\" sizes=\"(max-width: 800px) 100vw, 800px\" \/>\t\t\t\t\t\t\t\t\t\t\t\t\t\t\t<\/div>\n\t\t\t\t<\/div>\n\t\t\t\t<\/div>\n\t\t<div class=\"elementor-element elementor-element-6a192475 e-con-full e-flex e-con e-child\" data-id=\"6a192475\" data-element_type=\"container\">\n\t\t\t\t<div class=\"elementor-element elementor-element-66ae969c elementor-widget elementor-widget-heading\" data-id=\"66ae969c\" data-element_type=\"widget\" data-widget_type=\"heading.default\">\n\t\t\t\t<div class=\"elementor-widget-container\">\n\t\t\t\t\t<h2 class=\"elementor-heading-title elementor-size-default\">SOCIAL RESPONSIBILITY<\/h2>\t\t\t\t<\/div>\n\t\t\t\t<\/div>\n\t\t\t\t<div class=\"elementor-element elementor-element-189a8502 elementor-widget elementor-widget-text-editor\" data-id=\"189a8502\" data-element_type=\"widget\" data-widget_type=\"text-editor.default\">\n\t\t\t\t<div class=\"elementor-widget-container\">\n\t\t\t\t\t\t\t\t\t<div class=\"elementor-element elementor-element-1f6a1ab elementor-widget elementor-widget-text-editor\" data-id=\"1f6a1ab\" data-element_type=\"widget\" data-widget_type=\"text-editor.default\"><div class=\"elementor-widget-container\"><p>INVAZ s.r.o. is a <strong>traditional manufacturer of textile materials for health care and industry<\/strong> with more than twenty years of history. In the Czech Republic it is also one of the last manufacturers of dressing materials who decided to maintain <strong>production of high-quality cotton bandages.<\/strong><\/p><p>The company was founded in 2003 and since the very beginning it has profiled itself as a company the aim of which was to provide <strong>work for disabled people<\/strong>. Today, it employs more than 50% of disabled people from the total number of employees.<\/p><\/div><\/div>\t\t\t\t\t\t\t\t<\/div>\n\t\t\t\t<\/div>\n\t\t\t\t<\/div>\n\t\t\t\t\t<\/div>\n\t\t\t\t<\/div>\n\t\t\t\t<\/div>\n\t\t<div class=\"elementor-element elementor-element-5f3009f5 e-con-full e-flex e-con e-parent\" data-id=\"5f3009f5\" data-element_type=\"container\" data-settings=\"{&quot;background_background&quot;:&quot;classic&quot;}\">\n\t\t<div class=\"elementor-element elementor-element-43cadb28 e-flex e-con-boxed e-con e-child\" data-id=\"43cadb28\" data-element_type=\"container\">\n\t\t\t\t\t<div class=\"e-con-inner\">\n\t\t<div class=\"elementor-element elementor-element-7e50cb0c e-con-full e-flex e-con e-child\" data-id=\"7e50cb0c\" data-element_type=\"container\">\n\t\t\t\t<div class=\"elementor-element elementor-element-627d1e8b elementor-widget elementor-widget-heading\" data-id=\"627d1e8b\" data-element_type=\"widget\" data-widget_type=\"heading.default\">\n\t\t\t\t<div class=\"elementor-widget-container\">\n\t\t\t\t\t<h2 class=\"elementor-heading-title elementor-size-default\">WIDE PRODUCT PORTFOLIO<\/h2>\t\t\t\t<\/div>\n\t\t\t\t<\/div>\n\t\t\t\t<div class=\"elementor-element elementor-element-7cc9148 elementor-widget elementor-widget-text-editor\" data-id=\"7cc9148\" data-element_type=\"widget\" data-widget_type=\"text-editor.default\">\n\t\t\t\t<div class=\"elementor-widget-container\">\n\t\t\t\t\t\t\t\t\t<div class=\"elementor-element elementor-element-748e973 elementor-widget elementor-widget-text-editor\" data-id=\"748e973\" data-element_type=\"widget\" data-widget_type=\"text-editor.default\"><div class=\"elementor-widget-container\"><p>In terms of production assortment, the company focuses mainly on <strong>high quality cotton bandages and dressings<\/strong> in various lengths and widths according to customer\u2019s requirements, <strong>various products of gauze and cellulose wadding<\/strong>, and, last but not least, modern sterile <strong>compression bandages designed for first aid in rescue services and in the army.<\/strong><\/p><p>The production portfolio also includes <strong>TECASORB \u2013 unique textile absorbent dressing with a layer of active carbon for treatment of various wounds<\/strong> (especially inflammatory purulent wounds), which significantly accelerates healing and reduces pain sensation. A variant of a product with active carbon is a sterile <strong>carbon adhesive plaster<\/strong>, which is used, among others, when removing dialysis needles where it significantly reduces soreness and healing time.<\/p><p>A secondary product is <strong>reinforced paper coated with polyester knitted fabric<\/strong>, which can be used in bookbinding, as a packaging material or for production of envelopes for valuables.<\/p><\/div><\/div>\t\t\t\t\t\t\t\t<\/div>\n\t\t\t\t<\/div>\n\t\t\t\t<\/div>\n\t\t<div class=\"elementor-element elementor-element-2f2ca3a1 e-con-full e-flex e-con e-child\" data-id=\"2f2ca3a1\" data-element_type=\"container\">\n\t\t\t\t<div class=\"elementor-element elementor-element-3bc9f7bc elementor-widget elementor-widget-image\" data-id=\"3bc9f7bc\" data-element_type=\"widget\" data-widget_type=\"image.default\">\n\t\t\t\t<div class=\"elementor-widget-container\">\n\t\t\t\t\t\t\t\t\t\t\t\t\t\t\t<img decoding=\"async\" width=\"800\" height=\"533\" src=\"https:\/\/www.invaz.cz\/wp-content\/uploads\/2024\/11\/portfolio.webp\" class=\"attachment-large size-large wp-image-51\" alt=\"Portfolio.webp\" srcset=\"https:\/\/www.invaz.cz\/wp-content\/uploads\/2024\/11\/portfolio.webp 800w, https:\/\/www.invaz.cz\/wp-content\/uploads\/2024\/11\/portfolio-300x200.webp 300w, https:\/\/www.invaz.cz\/wp-content\/uploads\/2024\/11\/portfolio-768x512.webp 768w\" sizes=\"(max-width: 800px) 100vw, 800px\" \/>\t\t\t\t\t\t\t\t\t\t\t\t\t\t\t<\/div>\n\t\t\t\t<\/div>\n\t\t\t\t<\/div>\n\t\t\t\t\t<\/div>\n\t\t\t\t<\/div>\n\t\t\t\t<\/div>\n\t\t<div class=\"elementor-element elementor-element-3873c643 e-con-full e-flex e-con e-parent\" data-id=\"3873c643\" data-element_type=\"container\">\n\t\t<div class=\"elementor-element elementor-element-3495e666 e-flex e-con-boxed e-con e-child\" data-id=\"3495e666\" data-element_type=\"container\">\n\t\t\t\t\t<div class=\"e-con-inner\">\n\t\t<div class=\"elementor-element elementor-element-15ecbb5 e-con-full e-flex e-con e-child\" data-id=\"15ecbb5\" data-element_type=\"container\">\n\t\t\t\t<div class=\"elementor-element elementor-element-106327e1 elementor-widget elementor-widget-image\" data-id=\"106327e1\" data-element_type=\"widget\" data-widget_type=\"image.default\">\n\t\t\t\t<div class=\"elementor-widget-container\">\n\t\t\t\t\t\t\t\t\t\t\t\t\t\t\t<img decoding=\"async\" width=\"800\" height=\"533\" src=\"https:\/\/www.invaz.cz\/wp-content\/uploads\/2024\/11\/inovace.webp\" class=\"attachment-large size-large wp-image-53\" alt=\"Inovace.webp\" srcset=\"https:\/\/www.invaz.cz\/wp-content\/uploads\/2024\/11\/inovace.webp 800w, https:\/\/www.invaz.cz\/wp-content\/uploads\/2024\/11\/inovace-300x200.webp 300w, https:\/\/www.invaz.cz\/wp-content\/uploads\/2024\/11\/inovace-768x512.webp 768w\" sizes=\"(max-width: 800px) 100vw, 800px\" \/>\t\t\t\t\t\t\t\t\t\t\t\t\t\t\t<\/div>\n\t\t\t\t<\/div>\n\t\t\t\t<\/div>\n\t\t<div class=\"elementor-element elementor-element-9a45e21 e-con-full e-flex e-con e-child\" data-id=\"9a45e21\" data-element_type=\"container\">\n\t\t\t\t<div class=\"elementor-element elementor-element-9b9e15b elementor-widget elementor-widget-heading\" data-id=\"9b9e15b\" data-element_type=\"widget\" data-widget_type=\"heading.default\">\n\t\t\t\t<div class=\"elementor-widget-container\">\n\t\t\t\t\t<h2 class=\"elementor-heading-title elementor-size-default\">INNOVATION<\/h2>\t\t\t\t<\/div>\n\t\t\t\t<\/div>\n\t\t\t\t<div class=\"elementor-element elementor-element-5db2292e elementor-widget elementor-widget-text-editor\" data-id=\"5db2292e\" data-element_type=\"widget\" data-widget_type=\"text-editor.default\">\n\t\t\t\t<div class=\"elementor-widget-container\">\n\t\t\t\t\t\t\t\t\t<div class=\"elementor-element elementor-element-4165826 elementor-widget elementor-widget-text-editor\" data-id=\"4165826\" data-element_type=\"widget\" data-widget_type=\"text-editor.default\"><div class=\"elementor-widget-container\"><p>Since the very beginning of its activity in the medical devices segment the company has been involved in development of new products. <strong>It perceives product and process innovation as a driving force of its further development.<\/strong><\/p><p>Among others, the company participated in development of oxycellulose grid, the feed material for production of haemostatic agents intended to stop bleeding in a wide range of surgical procedures. This product was developed together with Synthesia, a.s., which acquired a stake in the company in 2023 and became its majority owner.<\/p><\/div><\/div>\t\t\t\t\t\t\t\t<\/div>\n\t\t\t\t<\/div>\n\t\t\t\t<\/div>\n\t\t\t\t\t<\/div>\n\t\t\t\t<\/div>\n\t\t\t\t<\/div>\n\t\t<div class=\"elementor-element elementor-element-52e5bc39 e-con-full e-flex e-con e-parent\" data-id=\"52e5bc39\" data-element_type=\"container\" data-settings=\"{&quot;background_background&quot;:&quot;classic&quot;}\">\n\t\t<div class=\"elementor-element elementor-element-2ec29545 e-flex e-con-boxed e-con e-child\" data-id=\"2ec29545\" data-element_type=\"container\">\n\t\t\t\t\t<div class=\"e-con-inner\">\n\t\t<div class=\"elementor-element elementor-element-376660cf e-con-full e-flex e-con e-child\" data-id=\"376660cf\" data-element_type=\"container\">\n\t\t\t\t<div class=\"elementor-element elementor-element-73a351b2 elementor-widget elementor-widget-heading\" data-id=\"73a351b2\" data-element_type=\"widget\" data-widget_type=\"heading.default\">\n\t\t\t\t<div class=\"elementor-widget-container\">\n\t\t\t\t\t<h2 class=\"elementor-heading-title elementor-size-default\">COOPERATION<\/h2>\t\t\t\t<\/div>\n\t\t\t\t<\/div>\n\t\t\t\t<div class=\"elementor-element elementor-element-4efc87ae elementor-widget elementor-widget-text-editor\" data-id=\"4efc87ae\" data-element_type=\"widget\" data-widget_type=\"text-editor.default\">\n\t\t\t\t<div class=\"elementor-widget-container\">\n\t\t\t\t\t\t\t\t\t<p>Also, <strong>long-term cooperation with other companies active in the medical device segment, and especially with healthcare professionals<\/strong> whose expertise and experience provide insight into medical care on a wide scale, and are thus very often a source of innovative ideas, helps the company in development of new products.<\/p>\t\t\t\t\t\t\t\t<\/div>\n\t\t\t\t<\/div>\n\t\t\t\t<\/div>\n\t\t<div class=\"elementor-element elementor-element-42715767 e-con-full e-flex e-con e-child\" data-id=\"42715767\" data-element_type=\"container\">\n\t\t\t\t<div class=\"elementor-element elementor-element-2d2df409 elementor-widget elementor-widget-image\" data-id=\"2d2df409\" data-element_type=\"widget\" data-widget_type=\"image.default\">\n\t\t\t\t<div class=\"elementor-widget-container\">\n\t\t\t\t\t\t\t\t\t\t\t\t\t\t\t<img loading=\"lazy\" decoding=\"async\" width=\"800\" height=\"535\" src=\"https:\/\/www.invaz.cz\/wp-content\/uploads\/2024\/11\/spoluprace.webp\" class=\"attachment-large size-large wp-image-55\" alt=\"Spoluprace.webp\" srcset=\"https:\/\/www.invaz.cz\/wp-content\/uploads\/2024\/11\/spoluprace.webp 800w, https:\/\/www.invaz.cz\/wp-content\/uploads\/2024\/11\/spoluprace-300x201.webp 300w, https:\/\/www.invaz.cz\/wp-content\/uploads\/2024\/11\/spoluprace-768x514.webp 768w\" sizes=\"(max-width: 800px) 100vw, 800px\" \/>\t\t\t\t\t\t\t\t\t\t\t\t\t\t\t<\/div>\n\t\t\t\t<\/div>\n\t\t\t\t<\/div>\n\t\t\t\t\t<\/div>\n\t\t\t\t<\/div>\n\t\t\t\t<\/div>\n\t\t<div class=\"elementor-element elementor-element-37133ca6 e-con-full e-flex e-con e-parent\" data-id=\"37133ca6\" data-element_type=\"container\">\n\t\t<div class=\"elementor-element elementor-element-4c071b12 e-flex e-con-boxed e-con e-child\" data-id=\"4c071b12\" data-element_type=\"container\">\n\t\t\t\t\t<div class=\"e-con-inner\">\n\t\t<div class=\"elementor-element elementor-element-6ad74615 e-con-full e-flex e-con e-child\" data-id=\"6ad74615\" data-element_type=\"container\">\n\t\t\t\t<div class=\"elementor-element elementor-element-6d2621c8 elementor-widget elementor-widget-image\" data-id=\"6d2621c8\" data-element_type=\"widget\" data-widget_type=\"image.default\">\n\t\t\t\t<div class=\"elementor-widget-container\">\n\t\t\t\t\t\t\t\t\t\t\t\t\t\t\t<img loading=\"lazy\" decoding=\"async\" width=\"800\" height=\"533\" src=\"https:\/\/www.invaz.cz\/wp-content\/uploads\/2024\/11\/kvalita.webp\" class=\"attachment-large size-large wp-image-57\" alt=\"Kvalita.webp\" srcset=\"https:\/\/www.invaz.cz\/wp-content\/uploads\/2024\/11\/kvalita.webp 800w, https:\/\/www.invaz.cz\/wp-content\/uploads\/2024\/11\/kvalita-300x200.webp 300w, https:\/\/www.invaz.cz\/wp-content\/uploads\/2024\/11\/kvalita-768x512.webp 768w\" sizes=\"(max-width: 800px) 100vw, 800px\" \/>\t\t\t\t\t\t\t\t\t\t\t\t\t\t\t<\/div>\n\t\t\t\t<\/div>\n\t\t\t\t<\/div>\n\t\t<div class=\"elementor-element elementor-element-78c1820 e-con-full e-flex e-con e-child\" data-id=\"78c1820\" data-element_type=\"container\">\n\t\t\t\t<div class=\"elementor-element elementor-element-6f70acd0 elementor-widget elementor-widget-heading\" data-id=\"6f70acd0\" data-element_type=\"widget\" data-widget_type=\"heading.default\">\n\t\t\t\t<div class=\"elementor-widget-container\">\n\t\t\t\t\t<h2 class=\"elementor-heading-title elementor-size-default\">QUALITY<\/h2>\t\t\t\t<\/div>\n\t\t\t\t<\/div>\n\t\t\t\t<div class=\"elementor-element elementor-element-33abe616 elementor-widget elementor-widget-text-editor\" data-id=\"33abe616\" data-element_type=\"widget\" data-widget_type=\"text-editor.default\">\n\t\t\t\t<div class=\"elementor-widget-container\">\n\t\t\t\t\t\t\t\t\t<p>The company\u2018s products are classified in <strong>risk classes I, Is and IIb<\/strong>. Compliance with all relevant EU standards governing production of medical devices is confirmed by the Czech testing company with international competence EZ\u00da (Electrotechnical Testing Institute, s. p.). The company is also certified according to \u010cSN EN ISO 9001:2016 and \u010cSN EN ISO 13485 ed. 2:2016.<\/p>\t\t\t\t\t\t\t\t<\/div>\n\t\t\t\t<\/div>\n\t\t\t\t<\/div>\n\t\t\t\t\t<\/div>\n\t\t\t\t<\/div>\n\t\t\t\t<\/div>\n\t\t<div class=\"elementor-element elementor-element-2d823ab0 e-con-full e-flex e-con e-parent\" data-id=\"2d823ab0\" data-element_type=\"container\" data-settings=\"{&quot;background_background&quot;:&quot;classic&quot;}\">\n\t\t<div class=\"elementor-element elementor-element-7b298adc e-flex e-con-boxed e-con e-child\" data-id=\"7b298adc\" data-element_type=\"container\">\n\t\t\t\t\t<div class=\"e-con-inner\">\n\t\t\t\t<div class=\"elementor-element elementor-element-6a76fd2d elementor-widget elementor-widget-heading\" data-id=\"6a76fd2d\" data-element_type=\"widget\" data-widget_type=\"heading.default\">\n\t\t\t\t<div class=\"elementor-widget-container\">\n\t\t\t\t\t<h2 class=\"elementor-heading-title elementor-size-default\">Quality policy:<\/h2>\t\t\t\t<\/div>\n\t\t\t\t<\/div>\n\t\t\t\t<div class=\"elementor-element elementor-element-44edef89 elementor-widget elementor-widget-text-editor\" data-id=\"44edef89\" data-element_type=\"widget\" data-widget_type=\"text-editor.default\">\n\t\t\t\t<div class=\"elementor-widget-container\">\n\t\t\t\t\t\t\t\t\t<h3><strong>General requirements:<\/strong><\/h3><p>Company has established, documented and maintained a quality management system, which serves as a means to assess the ability to meet the relevant applicable regulatory requirements as well as to meet customer requirements.<\/p><p>The aim is the improvement and maintenance of the effectiveness of the quality management system to ensure compliance with the requirements stated in the EN ISO 9001 and in the EN ISO 13485 standard for the production of medical devices through the efficient application of this system.<\/p><p>Furthermore, the objective is to ensure compliance with the requirements of Council Directive 93\/42\/EEC and the Regulation of the European Parliament and of the Council EU 2017\/745 according to Article 120 for the transitional period with the gradual implementation of other requirements, aiming to ensure conformity with this regulation.<\/p><p>Furthermore, the aim is to continue to develop and improve relations with the owner of leased production facilities.<\/p><p>To achieve this aim, we have a team of qualified and competent employees, where each manager is responsible for improving quality in their department. They take into account the aims of improving quality not only in their department, but throughout the company. Therefore, each employee contributes to the realization of the company\u2019s\u00a0strategic aims.<\/p><p>\u00a0<\/p><h3><strong>Quality Policy<\/strong><strong>:<\/strong><\/h3><p>The top management is committed to producing safe and fully functional medical devices in accordance with applicable legal \/ regulatory requirements, to ensure the satisfaction of the customer and end-user \u2013 the patient.<\/p><p>Furthermore, the top management is committed to maintaining the effectiveness of the quality management system using a process approach to setting objectives for each area of the quality management system, which we review annually.<\/p>\t\t\t\t\t\t\t\t<\/div>\n\t\t\t\t<\/div>\n\t\t\t\t\t<\/div>\n\t\t\t\t<\/div>\n\t\t\t\t<\/div>\n\t\t<div class=\"elementor-element elementor-element-2bbdaeb e-flex e-con-boxed e-con e-child\" data-id=\"2bbdaeb\" data-element_type=\"container\">\n\t\t\t\t\t<div class=\"e-con-inner\">\n\t\t<div class=\"elementor-element elementor-element-4893d9a e-con-full e-flex e-con e-child\" data-id=\"4893d9a\" data-element_type=\"container\">\n\t\t\t\t<div class=\"elementor-element elementor-element-feaa6e6 elementor-widget elementor-widget-image\" data-id=\"feaa6e6\" data-element_type=\"widget\" data-widget_type=\"image.default\">\n\t\t\t\t<div class=\"elementor-widget-container\">\n\t\t\t\t\t\t\t\t\t\t\t\t\t\t\t\t<a href=\"\/certifiakty-ce-is\/\" target=\"_blank\">\n\t\t\t\t\t\t\t<img loading=\"lazy\" decoding=\"async\" width=\"424\" height=\"600\" src=\"https:\/\/www.invaz.cz\/wp-content\/uploads\/2024\/12\/certifiakty-ce-is.webp\" class=\"attachment-large size-large wp-image-851\" alt=\"Certifiakty Ce Is.webp\" srcset=\"https:\/\/www.invaz.cz\/wp-content\/uploads\/2024\/12\/certifiakty-ce-is.webp 424w, https:\/\/www.invaz.cz\/wp-content\/uploads\/2024\/12\/certifiakty-ce-is-212x300.webp 212w\" sizes=\"(max-width: 424px) 100vw, 424px\" \/>\t\t\t\t\t\t\t\t<\/a>\n\t\t\t\t\t\t\t\t\t\t\t\t\t\t\t<\/div>\n\t\t\t\t<\/div>\n\t\t\t\t<\/div>\n\t\t<div class=\"elementor-element elementor-element-e91d01b e-con-full e-flex e-con e-child\" data-id=\"e91d01b\" data-element_type=\"container\">\n\t\t\t\t<div class=\"elementor-element elementor-element-229e9f1 elementor-widget elementor-widget-image\" data-id=\"229e9f1\" data-element_type=\"widget\" data-widget_type=\"image.default\">\n\t\t\t\t<div class=\"elementor-widget-container\">\n\t\t\t\t\t\t\t\t\t\t\t\t\t\t\t\t<a href=\"\/certifiakty-ce-tecasorb-dressing\/\" target=\"_blank\">\n\t\t\t\t\t\t\t<img loading=\"lazy\" decoding=\"async\" width=\"424\" height=\"600\" src=\"https:\/\/www.invaz.cz\/wp-content\/uploads\/2024\/12\/certifiakty-ce-tecasorb-dressing_page.webp\" class=\"attachment-large size-large wp-image-853\" alt=\"Certifiakty Ce Tecasorb Dressing Page.webp\" srcset=\"https:\/\/www.invaz.cz\/wp-content\/uploads\/2024\/12\/certifiakty-ce-tecasorb-dressing_page.webp 424w, https:\/\/www.invaz.cz\/wp-content\/uploads\/2024\/12\/certifiakty-ce-tecasorb-dressing_page-212x300.webp 212w\" sizes=\"(max-width: 424px) 100vw, 424px\" \/>\t\t\t\t\t\t\t\t<\/a>\n\t\t\t\t\t\t\t\t\t\t\t\t\t\t\t<\/div>\n\t\t\t\t<\/div>\n\t\t\t\t<\/div>\n\t\t<div class=\"elementor-element elementor-element-a0b9db5 e-con-full e-flex e-con e-child\" data-id=\"a0b9db5\" data-element_type=\"container\">\n\t\t\t\t<div class=\"elementor-element elementor-element-fb4c149 elementor-widget elementor-widget-image\" data-id=\"fb4c149\" data-element_type=\"widget\" data-widget_type=\"image.default\">\n\t\t\t\t<div class=\"elementor-widget-container\">\n\t\t\t\t\t\t\t\t\t\t\t\t\t\t\t\t<a href=\"\/certifiakty-iso-9001\/\" target=\"_blank\">\n\t\t\t\t\t\t\t<img loading=\"lazy\" decoding=\"async\" width=\"424\" height=\"600\" src=\"https:\/\/www.invaz.cz\/wp-content\/uploads\/2024\/12\/certifiakty-iso-9001.webp\" class=\"attachment-large size-large wp-image-855\" alt=\"Certifiakty Iso 9001.webp\" srcset=\"https:\/\/www.invaz.cz\/wp-content\/uploads\/2024\/12\/certifiakty-iso-9001.webp 424w, https:\/\/www.invaz.cz\/wp-content\/uploads\/2024\/12\/certifiakty-iso-9001-212x300.webp 212w\" sizes=\"(max-width: 424px) 100vw, 424px\" \/>\t\t\t\t\t\t\t\t<\/a>\n\t\t\t\t\t\t\t\t\t\t\t\t\t\t\t<\/div>\n\t\t\t\t<\/div>\n\t\t\t\t<\/div>\n\t\t<div class=\"elementor-element elementor-element-c22e2e3 e-con-full e-flex e-con e-child\" data-id=\"c22e2e3\" data-element_type=\"container\">\n\t\t\t\t<div class=\"elementor-element elementor-element-f86559e elementor-widget elementor-widget-image\" data-id=\"f86559e\" data-element_type=\"widget\" data-widget_type=\"image.default\">\n\t\t\t\t<div class=\"elementor-widget-container\">\n\t\t\t\t\t\t\t\t\t\t\t\t\t\t\t\t<a href=\"\/certifiakty-iso-13485\/\" target=\"_blank\">\n\t\t\t\t\t\t\t<img loading=\"lazy\" decoding=\"async\" width=\"424\" height=\"600\" src=\"https:\/\/www.invaz.cz\/wp-content\/uploads\/2024\/12\/certifiakty-iso-13485.webp\" class=\"attachment-large size-large wp-image-857\" alt=\"Certifiakty Iso 13485.webp\" srcset=\"https:\/\/www.invaz.cz\/wp-content\/uploads\/2024\/12\/certifiakty-iso-13485.webp 424w, https:\/\/www.invaz.cz\/wp-content\/uploads\/2024\/12\/certifiakty-iso-13485-212x300.webp 212w\" sizes=\"(max-width: 424px) 100vw, 424px\" \/>\t\t\t\t\t\t\t\t<\/a>\n\t\t\t\t\t\t\t\t\t\t\t\t\t\t\t<\/div>\n\t\t\t\t<\/div>\n\t\t\t\t<\/div>\n\t\t\t\t\t<\/div>\n\t\t\t\t<\/div>\n\t\t\t\t<\/div>\n\t\t","protected":false},"excerpt":{"rendered":"<p>SOCIAL RESPONSIBILITY INVAZ s.r.o. is a traditional manufacturer of textile materials for health care and industry with more than twenty years of history. In the Czech Republic it is also one of the last manufacturers of dressing materials who decided to maintain production of high-quality cotton bandages. The company was founded in 2003 and since [&hellip;]<\/p>\n","protected":false},"author":1,"featured_media":0,"parent":0,"menu_order":0,"comment_status":"closed","ping_status":"closed","template":"","meta":{"slim_seo":{"title":"About us - INVAZ","description":"Home &gt; SOCIAL RESPONSIBILITY INVAZ s.r.o. is a traditional manufacturer of textile materials for health care and industry with more than twenty years of hist"},"footnotes":""},"class_list":["post-203","page","type-page","status-publish","hentry"],"_links":{"self":[{"href":"https:\/\/www.invaz.cz\/en\/wp-json\/wp\/v2\/pages\/203","targetHints":{"allow":["GET"]}}],"collection":[{"href":"https:\/\/www.invaz.cz\/en\/wp-json\/wp\/v2\/pages"}],"about":[{"href":"https:\/\/www.invaz.cz\/en\/wp-json\/wp\/v2\/types\/page"}],"author":[{"embeddable":true,"href":"https:\/\/www.invaz.cz\/en\/wp-json\/wp\/v2\/users\/1"}],"replies":[{"embeddable":true,"href":"https:\/\/www.invaz.cz\/en\/wp-json\/wp\/v2\/comments?post=203"}],"version-history":[{"count":3,"href":"https:\/\/www.invaz.cz\/en\/wp-json\/wp\/v2\/pages\/203\/revisions"}],"predecessor-version":[{"id":861,"href":"https:\/\/www.invaz.cz\/en\/wp-json\/wp\/v2\/pages\/203\/revisions\/861"}],"wp:attachment":[{"href":"https:\/\/www.invaz.cz\/en\/wp-json\/wp\/v2\/media?parent=203"}],"curies":[{"name":"wp","href":"https:\/\/api.w.org\/{rel}","templated":true}]}}